{"id":225,"date":"2025-02-26T13:03:23","date_gmt":"2025-02-26T12:03:23","guid":{"rendered":"https:\/\/razemwkryzysie.pl\/?page_id=225"},"modified":"2025-02-26T13:03:24","modified_gmt":"2025-02-26T12:03:24","slug":"aktualnosci","status":"publish","type":"page","link":"https:\/\/razemwkryzysie.pl\/?page_id=225","title":{"rendered":"Aktualno\u015bci"},"content":{"rendered":"\n<div class=\"wp-block-group alignfull has-contrast-color has-text-color has-link-color wp-elements-c185f5c8323bea873209f2b917898959 is-content-justification-center is-layout-flex wp-container-core-group-is-layout-31654498 wp-block-group-is-layout-flex\" style=\"padding-top:var(--wp--preset--spacing--30);padding-right:var(--wp--preset--spacing--30);padding-bottom:var(--wp--preset--spacing--30);padding-left:var(--wp--preset--spacing--30)\"><nav class=\"has-large-font-size is-responsive items-justified-right wp-block-navigation is-content-justification-right is-layout-flex wp-container-core-navigation-is-layout-f665d2b5 wp-block-navigation-is-layout-flex\" aria-label=\"Nag\u0142\u00f3wek nawigacja\" \n\t\t data-wp-interactive=\"core\/navigation\" data-wp-context='{\"overlayOpenedBy\":{\"click\":false,\"hover\":false,\"focus\":false},\"type\":\"overlay\",\"roleAttribute\":\"\",\"ariaLabel\":\"Menu\"}'><button aria-haspopup=\"dialog\" aria-label=\"Rozwi\u0144 menu\" class=\"wp-block-navigation__responsive-container-open\" \n\t\t\t\tdata-wp-on--click=\"actions.openMenuOnClick\"\n\t\t\t\tdata-wp-on--keydown=\"actions.handleMenuKeydown\"\n\t\t\t><svg width=\"24\" height=\"24\" xmlns=\"http:\/\/www.w3.org\/2000\/svg\" viewBox=\"0 0 24 24\" aria-hidden=\"true\" focusable=\"false\"><path d=\"M4 7.5h16v1.5H4z\"><\/path><path d=\"M4 15h16v1.5H4z\"><\/path><\/svg><\/button>\n\t\t\t\t<div class=\"wp-block-navigation__responsive-container\"  id=\"modal-1\" \n\t\t\t\tdata-wp-class--has-modal-open=\"state.isMenuOpen\"\n\t\t\t\tdata-wp-class--is-menu-open=\"state.isMenuOpen\"\n\t\t\t\tdata-wp-watch=\"callbacks.initMenu\"\n\t\t\t\tdata-wp-on--keydown=\"actions.handleMenuKeydown\"\n\t\t\t\tdata-wp-on--focusout=\"actions.handleMenuFocusout\"\n\t\t\t\ttabindex=\"-1\"\n\t\t\t>\n\t\t\t\t\t<div class=\"wp-block-navigation__responsive-close\" tabindex=\"-1\">\n\t\t\t\t\t\t<div class=\"wp-block-navigation__responsive-dialog\" \n\t\t\t\tdata-wp-bind--aria-modal=\"state.ariaModal\"\n\t\t\t\tdata-wp-bind--aria-label=\"state.ariaLabel\"\n\t\t\t\tdata-wp-bind--role=\"state.roleAttribute\"\n\t\t\t>\n\t\t\t\t\t\t\t<button aria-label=\"Zamknij menu\" class=\"wp-block-navigation__responsive-container-close\" \n\t\t\t\tdata-wp-on--click=\"actions.closeMenuOnClick\"\n\t\t\t><svg xmlns=\"http:\/\/www.w3.org\/2000\/svg\" viewBox=\"0 0 24 24\" width=\"24\" height=\"24\" aria-hidden=\"true\" focusable=\"false\"><path d=\"m13.06 12 6.47-6.47-1.06-1.06L12 10.94 5.53 4.47 4.47 5.53 10.94 12l-6.47 6.47 1.06 1.06L12 13.06l6.47 6.47 1.06-1.06L13.06 12Z\"><\/path><\/svg><\/button>\n\t\t\t\t\t\t\t<div class=\"wp-block-navigation__responsive-container-content\" \n\t\t\t\tdata-wp-watch=\"callbacks.focusFirstElement\"\n\t\t\t id=\"modal-1-content\">\n\t\t\t\t\t\t\t\t<ul class=\"wp-block-navigation__container has-large-font-size is-responsive items-justified-right wp-block-navigation has-large-font-size\"><li class=\"has-large-font-size wp-block-navigation-item wp-block-navigation-link\"><a class=\"wp-block-navigation-item__content\"  href=\"https:\/\/razemwkryzysie.pl\/?page_id=134\"><span class=\"wp-block-navigation-item__label\"> <img loading=\"lazy\" decoding=\"async\" width=\"250\" height=\"250\" class=\"wp-image-34\" style=\"width: 15px\" src=\"https:\/\/razemwkryzysie.pl\/wp-content\/uploads\/2025\/01\/n.png\" alt=\"\" srcset=\"https:\/\/razemwkryzysie.pl\/wp-content\/uploads\/2025\/01\/n.png 250w, https:\/\/razemwkryzysie.pl\/wp-content\/uploads\/2025\/01\/n-150x150.png 150w\" sizes=\"auto, (max-width: 250px) 100vw, 250px\" \/> O nas<\/span><\/a><\/li><li class=\"has-large-font-size wp-block-navigation-item wp-block-navigation-link\"><a class=\"wp-block-navigation-item__content\"  href=\"https:\/\/razemwkryzysie.pl\/?page_id=173\"><span class=\"wp-block-navigation-item__label\"><img loading=\"lazy\" decoding=\"async\" width=\"250\" height=\"250\" class=\"wp-image-34\" style=\"width: 15px\" src=\"https:\/\/razemwkryzysie.pl\/wp-content\/uploads\/2025\/01\/n.png\" alt=\"\" srcset=\"https:\/\/razemwkryzysie.pl\/wp-content\/uploads\/2025\/01\/n.png 250w, https:\/\/razemwkryzysie.pl\/wp-content\/uploads\/2025\/01\/n-150x150.png 150w\" sizes=\"auto, (max-width: 250px) 100vw, 250px\" \/> Jak mo\u017cemy Ci pom\u00f3c?<\/span><\/a><\/li><li class=\"has-large-font-size wp-block-navigation-item wp-block-navigation-link\"><a class=\"wp-block-navigation-item__content\"  href=\"#\"><span class=\"wp-block-navigation-item__label\"><img loading=\"lazy\" decoding=\"async\" width=\"250\" height=\"250\" class=\"wp-image-34\" style=\"width: 15px\" src=\"https:\/\/razemwkryzysie.pl\/wp-content\/uploads\/2025\/01\/n.png\" alt=\"\" srcset=\"https:\/\/razemwkryzysie.pl\/wp-content\/uploads\/2025\/01\/n.png 250w, https:\/\/razemwkryzysie.pl\/wp-content\/uploads\/2025\/01\/n-150x150.png 150w\" sizes=\"auto, (max-width: 250px) 100vw, 250px\" \/> Jak mo\u017cesz nam pom\u00f3c?<\/span><\/a><\/li><li class=\"has-large-font-size wp-block-navigation-item wp-block-navigation-link\"><a class=\"wp-block-navigation-item__content\"  href=\"https:\/\/razemwkryzysie.pl\/?page_id=225\"><span class=\"wp-block-navigation-item__label\"> <img loading=\"lazy\" decoding=\"async\" width=\"250\" height=\"250\" class=\"wp-image-34\" style=\"width: 15px\" src=\"https:\/\/razemwkryzysie.pl\/wp-content\/uploads\/2025\/01\/n.png\" alt=\"\" srcset=\"https:\/\/razemwkryzysie.pl\/wp-content\/uploads\/2025\/01\/n.png 250w, https:\/\/razemwkryzysie.pl\/wp-content\/uploads\/2025\/01\/n-150x150.png 150w\" sizes=\"auto, (max-width: 250px) 100vw, 250px\" \/>Aktualno\u015bci<\/span><\/a><\/li><li class=\"has-large-font-size wp-block-navigation-item wp-block-navigation-link\"><a class=\"wp-block-navigation-item__content\"  href=\"https:\/\/razemwkryzysie.pl\/?page_id=213\"><span class=\"wp-block-navigation-item__label\"> <img loading=\"lazy\" decoding=\"async\" width=\"250\" height=\"250\" class=\"wp-image-34\" style=\"width: 15px\" src=\"https:\/\/razemwkryzysie.pl\/wp-content\/uploads\/2025\/01\/n.png\" alt=\"\" srcset=\"https:\/\/razemwkryzysie.pl\/wp-content\/uploads\/2025\/01\/n.png 250w, https:\/\/razemwkryzysie.pl\/wp-content\/uploads\/2025\/01\/n-150x150.png 150w\" sizes=\"auto, (max-width: 250px) 100vw, 250px\" \/> Kontakt<\/span><\/a><\/li><\/ul>\n\t\t\t\t\t\t\t<\/div>\n\t\t\t\t\t\t<\/div>\n\t\t\t\t\t<\/div>\n\t\t\t\t<\/div><\/nav><\/div>\n\n\n\n<div style=\"height:55px\" aria-hidden=\"true\" class=\"wp-block-spacer\"><\/div>\n\n\n\n<div class=\"wp-block-group alignfull has-global-padding is-layout-constrained wp-block-group-is-layout-constrained\" style=\"margin-top:0px;margin-bottom:0px;padding-top:var(--wp--preset--spacing--xx-large);padding-bottom:var(--wp--preset--spacing--xx-large)\">\n<div class=\"wp-block-group alignwide is-layout-flow wp-block-group-is-layout-flow\" style=\"padding-bottom:var(--wp--preset--spacing--medium)\">\n<div class=\"wp-block-columns are-vertically-aligned-bottom is-layout-flex wp-container-core-columns-is-layout-28f84493 wp-block-columns-is-layout-flex\">\n<div class=\"wp-block-column is-vertically-aligned-bottom is-layout-flow wp-block-column-is-layout-flow\">\n<p class=\"has-primary-color has-text-color has-base-font-size\">B\u0105d\u017a na bie\u017c\u0105co<\/p>\n\n\n\n<h2 class=\"wp-block-heading has-x-large-font-size\" style=\"margin-top:0.25rem\">Aktualno\u015bci<\/h2>\n<\/div>\n\n\n\n<div class=\"wp-block-column is-vertically-aligned-bottom is-layout-flow wp-block-column-is-layout-flow\">\n<p style=\"margin-bottom:0.65rem\"><\/p>\n<\/div>\n<\/div>\n<\/div>\n\n\n\n<div class=\"wp-block-group alignwide is-layout-flow wp-block-group-is-layout-flow\">\n<div class=\"wp-block-query is-layout-flow wp-block-query-is-layout-flow\"><ul class=\"columns-3 wp-block-post-template is-layout-grid wp-container-core-post-template-is-layout-6d3fbd8f wp-block-post-template-is-layout-grid\"><li class=\"wp-block-post post-101 post type-post status-publish format-standard has-post-thumbnail hentry category-bez-kategorii\">\n\n<div class=\"wp-block-group is-layout-flow wp-block-group-is-layout-flow\"><figure style=\"height:400px;\" class=\"wp-block-post-featured-image\"><a href=\"https:\/\/razemwkryzysie.pl\/?p=101\" target=\"_self\"  style=\"height:400px\"><img loading=\"lazy\" decoding=\"async\" width=\"1024\" height=\"1024\" src=\"https:\/\/razemwkryzysie.pl\/wp-content\/uploads\/2025\/01\/DALL\u00b7E-2025-01-22-09.34.23-A-symbolic-digital-illustration-addressing-the-theme-of-overcoming-domestic-violence-in-a-relationship.-The-scene-shows-a-blooming-flower-growing-out-.webp\" class=\"attachment-post-thumbnail size-post-thumbnail wp-post-image\" alt=\"Przemoc w relacji\" style=\"border-radius:10px;height:400px;object-fit:cover;\" srcset=\"https:\/\/razemwkryzysie.pl\/wp-content\/uploads\/2025\/01\/DALL\u00b7E-2025-01-22-09.34.23-A-symbolic-digital-illustration-addressing-the-theme-of-overcoming-domestic-violence-in-a-relationship.-The-scene-shows-a-blooming-flower-growing-out-.webp 1024w, https:\/\/razemwkryzysie.pl\/wp-content\/uploads\/2025\/01\/DALL\u00b7E-2025-01-22-09.34.23-A-symbolic-digital-illustration-addressing-the-theme-of-overcoming-domestic-violence-in-a-relationship.-The-scene-shows-a-blooming-flower-growing-out--300x300.webp 300w, https:\/\/razemwkryzysie.pl\/wp-content\/uploads\/2025\/01\/DALL\u00b7E-2025-01-22-09.34.23-A-symbolic-digital-illustration-addressing-the-theme-of-overcoming-domestic-violence-in-a-relationship.-The-scene-shows-a-blooming-flower-growing-out--150x150.webp 150w, https:\/\/razemwkryzysie.pl\/wp-content\/uploads\/2025\/01\/DALL\u00b7E-2025-01-22-09.34.23-A-symbolic-digital-illustration-addressing-the-theme-of-overcoming-domestic-violence-in-a-relationship.-The-scene-shows-a-blooming-flower-growing-out--768x768.webp 768w\" sizes=\"auto, (max-width: 1024px) 100vw, 1024px\" \/><\/a><\/figure>\n\n<div class=\"wp-block-post-date\"><time datetime=\"2025-01-22T09:35:09+01:00\">2025-01-22<\/time><\/div>\n\n<h2 class=\"wp-block-post-title has-medium-font-size\"><a href=\"https:\/\/razemwkryzysie.pl\/?p=101\" target=\"_self\" >Przemoc w relacji<\/a><\/h2><\/div>\n\n<\/li><li class=\"wp-block-post post-95 post type-post status-publish format-standard has-post-thumbnail hentry category-bez-kategorii\">\n\n<div class=\"wp-block-group is-layout-flow wp-block-group-is-layout-flow\"><figure style=\"height:400px;\" class=\"wp-block-post-featured-image\"><a href=\"https:\/\/razemwkryzysie.pl\/?p=95\" target=\"_self\"  style=\"height:400px\"><img loading=\"lazy\" decoding=\"async\" width=\"1680\" height=\"1680\" src=\"https:\/\/razemwkryzysie.pl\/wp-content\/uploads\/2025\/01\/Leonardo_Phoenix_10_Create_a_realistic_digital_illustration_th_3.jpg\" class=\"attachment-post-thumbnail size-post-thumbnail wp-post-image\" alt=\"Dbajmy o zdrowie psychiczne \u2013 razem mo\u017cemy wi\u0119cej\" style=\"border-radius:10px;height:400px;object-fit:cover;\" srcset=\"https:\/\/razemwkryzysie.pl\/wp-content\/uploads\/2025\/01\/Leonardo_Phoenix_10_Create_a_realistic_digital_illustration_th_3.jpg 1680w, https:\/\/razemwkryzysie.pl\/wp-content\/uploads\/2025\/01\/Leonardo_Phoenix_10_Create_a_realistic_digital_illustration_th_3-300x300.jpg 300w, https:\/\/razemwkryzysie.pl\/wp-content\/uploads\/2025\/01\/Leonardo_Phoenix_10_Create_a_realistic_digital_illustration_th_3-1024x1024.jpg 1024w, https:\/\/razemwkryzysie.pl\/wp-content\/uploads\/2025\/01\/Leonardo_Phoenix_10_Create_a_realistic_digital_illustration_th_3-150x150.jpg 150w, https:\/\/razemwkryzysie.pl\/wp-content\/uploads\/2025\/01\/Leonardo_Phoenix_10_Create_a_realistic_digital_illustration_th_3-768x768.jpg 768w, https:\/\/razemwkryzysie.pl\/wp-content\/uploads\/2025\/01\/Leonardo_Phoenix_10_Create_a_realistic_digital_illustration_th_3-1536x1536.jpg 1536w\" sizes=\"auto, (max-width: 1680px) 100vw, 1680px\" \/><\/a><\/figure>\n\n<div class=\"wp-block-post-date\"><time datetime=\"2025-01-22T09:18:46+01:00\">2025-01-22<\/time><\/div>\n\n<h2 class=\"wp-block-post-title has-medium-font-size\"><a href=\"https:\/\/razemwkryzysie.pl\/?p=95\" target=\"_self\" >Dbajmy o zdrowie psychiczne \u2013 razem mo\u017cemy wi\u0119cej<\/a><\/h2><\/div>\n\n<\/li><\/ul><\/div>\n<\/div>\n<\/div>\n","protected":false},"excerpt":{"rendered":"<p>B\u0105d\u017a na bie\u017c\u0105co Aktualno\u015bci<\/p>\n","protected":false},"author":1,"featured_media":0,"parent":0,"menu_order":0,"comment_status":"closed","ping_status":"closed","template":"","meta":{"footnotes":""},"class_list":["post-225","page","type-page","status-publish","hentry"],"yoast_head":"<!-- This site is optimized with the Yoast SEO plugin v24.9 - https:\/\/yoast.com\/wordpress\/plugins\/seo\/ -->\n<title>Aktualno\u015bci - Fundacja razem w kryzysie<\/title>\n<meta name=\"robots\" content=\"index, follow, max-snippet:-1, max-image-preview:large, max-video-preview:-1\" \/>\n<link rel=\"canonical\" href=\"https:\/\/razemwkryzysie.pl\/?page_id=225\" \/>\n<meta property=\"og:locale\" content=\"pl_PL\" \/>\n<meta property=\"og:type\" content=\"article\" \/>\n<meta property=\"og:title\" content=\"Aktualno\u015bci - Fundacja razem w kryzysie\" \/>\n<meta property=\"og:description\" content=\"B\u0105d\u017a na bie\u017c\u0105co Aktualno\u015bci\" \/>\n<meta property=\"og:url\" content=\"https:\/\/razemwkryzysie.pl\/?page_id=225\" \/>\n<meta property=\"og:site_name\" content=\"Fundacja razem w kryzysie\" \/>\n<meta property=\"article:publisher\" content=\"https:\/\/www.facebook.com\/profile.php?id=61575054061886\" \/>\n<meta property=\"article:modified_time\" content=\"2025-02-26T12:03:24+00:00\" \/>\n<meta name=\"twitter:card\" content=\"summary_large_image\" \/>\n<script type=\"application\/ld+json\" class=\"yoast-schema-graph\">{\"@context\":\"https:\/\/schema.org\",\"@graph\":[{\"@type\":\"WebPage\",\"@id\":\"https:\/\/razemwkryzysie.pl\/?page_id=225\",\"url\":\"https:\/\/razemwkryzysie.pl\/?page_id=225\",\"name\":\"Aktualno\u015bci - Fundacja razem w kryzysie\",\"isPartOf\":{\"@id\":\"https:\/\/razemwkryzysie.pl\/#website\"},\"datePublished\":\"2025-02-26T12:03:23+00:00\",\"dateModified\":\"2025-02-26T12:03:24+00:00\",\"breadcrumb\":{\"@id\":\"https:\/\/razemwkryzysie.pl\/?page_id=225#breadcrumb\"},\"inLanguage\":\"pl-PL\",\"potentialAction\":[{\"@type\":\"ReadAction\",\"target\":[\"https:\/\/razemwkryzysie.pl\/?page_id=225\"]}]},{\"@type\":\"BreadcrumbList\",\"@id\":\"https:\/\/razemwkryzysie.pl\/?page_id=225#breadcrumb\",\"itemListElement\":[{\"@type\":\"ListItem\",\"position\":1,\"name\":\"Strona g\u0142\u00f3wna\",\"item\":\"https:\/\/razemwkryzysie.pl\/\"},{\"@type\":\"ListItem\",\"position\":2,\"name\":\"Aktualno\u015bci\"}]},{\"@type\":\"WebSite\",\"@id\":\"https:\/\/razemwkryzysie.pl\/#website\",\"url\":\"https:\/\/razemwkryzysie.pl\/\",\"name\":\"Fundacja razem w kryzysie\",\"description\":\"Fundacja zajmuj\u0105ca si\u0119 wsparciem os\u00f3b w kryzysie psychicznym\",\"publisher\":{\"@id\":\"https:\/\/razemwkryzysie.pl\/#organization\"},\"potentialAction\":[{\"@type\":\"SearchAction\",\"target\":{\"@type\":\"EntryPoint\",\"urlTemplate\":\"https:\/\/razemwkryzysie.pl\/?s={search_term_string}\"},\"query-input\":{\"@type\":\"PropertyValueSpecification\",\"valueRequired\":true,\"valueName\":\"search_term_string\"}}],\"inLanguage\":\"pl-PL\"},{\"@type\":\"Organization\",\"@id\":\"https:\/\/razemwkryzysie.pl\/#organization\",\"name\":\"Fundacja razem w kryzysie\",\"url\":\"https:\/\/razemwkryzysie.pl\/\",\"logo\":{\"@type\":\"ImageObject\",\"inLanguage\":\"pl-PL\",\"@id\":\"https:\/\/razemwkryzysie.pl\/#\/schema\/logo\/image\/\",\"url\":\"https:\/\/razemwkryzysie.pl\/wp-content\/uploads\/2024\/12\/Minimalistyczna-Fotografia-Portfolio-Kwadrat-Fotoksiazka-1.png\",\"contentUrl\":\"https:\/\/razemwkryzysie.pl\/wp-content\/uploads\/2024\/12\/Minimalistyczna-Fotografia-Portfolio-Kwadrat-Fotoksiazka-1.png\",\"width\":2000,\"height\":737,\"caption\":\"Fundacja razem w kryzysie\"},\"image\":{\"@id\":\"https:\/\/razemwkryzysie.pl\/#\/schema\/logo\/image\/\"},\"sameAs\":[\"https:\/\/www.facebook.com\/profile.php?id=61575054061886\"]}]}<\/script>\n<!-- \/ Yoast SEO plugin. -->","yoast_head_json":{"title":"Aktualno\u015bci - Fundacja razem w kryzysie","robots":{"index":"index","follow":"follow","max-snippet":"max-snippet:-1","max-image-preview":"max-image-preview:large","max-video-preview":"max-video-preview:-1"},"canonical":"https:\/\/razemwkryzysie.pl\/?page_id=225","og_locale":"pl_PL","og_type":"article","og_title":"Aktualno\u015bci - Fundacja razem w kryzysie","og_description":"B\u0105d\u017a na bie\u017c\u0105co Aktualno\u015bci","og_url":"https:\/\/razemwkryzysie.pl\/?page_id=225","og_site_name":"Fundacja razem w kryzysie","article_publisher":"https:\/\/www.facebook.com\/profile.php?id=61575054061886","article_modified_time":"2025-02-26T12:03:24+00:00","twitter_card":"summary_large_image","schema":{"@context":"https:\/\/schema.org","@graph":[{"@type":"WebPage","@id":"https:\/\/razemwkryzysie.pl\/?page_id=225","url":"https:\/\/razemwkryzysie.pl\/?page_id=225","name":"Aktualno\u015bci - Fundacja razem w kryzysie","isPartOf":{"@id":"https:\/\/razemwkryzysie.pl\/#website"},"datePublished":"2025-02-26T12:03:23+00:00","dateModified":"2025-02-26T12:03:24+00:00","breadcrumb":{"@id":"https:\/\/razemwkryzysie.pl\/?page_id=225#breadcrumb"},"inLanguage":"pl-PL","potentialAction":[{"@type":"ReadAction","target":["https:\/\/razemwkryzysie.pl\/?page_id=225"]}]},{"@type":"BreadcrumbList","@id":"https:\/\/razemwkryzysie.pl\/?page_id=225#breadcrumb","itemListElement":[{"@type":"ListItem","position":1,"name":"Strona g\u0142\u00f3wna","item":"https:\/\/razemwkryzysie.pl\/"},{"@type":"ListItem","position":2,"name":"Aktualno\u015bci"}]},{"@type":"WebSite","@id":"https:\/\/razemwkryzysie.pl\/#website","url":"https:\/\/razemwkryzysie.pl\/","name":"Fundacja razem w kryzysie","description":"Fundacja zajmuj\u0105ca si\u0119 wsparciem os\u00f3b w kryzysie psychicznym","publisher":{"@id":"https:\/\/razemwkryzysie.pl\/#organization"},"potentialAction":[{"@type":"SearchAction","target":{"@type":"EntryPoint","urlTemplate":"https:\/\/razemwkryzysie.pl\/?s={search_term_string}"},"query-input":{"@type":"PropertyValueSpecification","valueRequired":true,"valueName":"search_term_string"}}],"inLanguage":"pl-PL"},{"@type":"Organization","@id":"https:\/\/razemwkryzysie.pl\/#organization","name":"Fundacja razem w kryzysie","url":"https:\/\/razemwkryzysie.pl\/","logo":{"@type":"ImageObject","inLanguage":"pl-PL","@id":"https:\/\/razemwkryzysie.pl\/#\/schema\/logo\/image\/","url":"https:\/\/razemwkryzysie.pl\/wp-content\/uploads\/2024\/12\/Minimalistyczna-Fotografia-Portfolio-Kwadrat-Fotoksiazka-1.png","contentUrl":"https:\/\/razemwkryzysie.pl\/wp-content\/uploads\/2024\/12\/Minimalistyczna-Fotografia-Portfolio-Kwadrat-Fotoksiazka-1.png","width":2000,"height":737,"caption":"Fundacja razem w kryzysie"},"image":{"@id":"https:\/\/razemwkryzysie.pl\/#\/schema\/logo\/image\/"},"sameAs":["https:\/\/www.facebook.com\/profile.php?id=61575054061886"]}]}},"_links":{"self":[{"href":"https:\/\/razemwkryzysie.pl\/index.php?rest_route=\/wp\/v2\/pages\/225","targetHints":{"allow":["GET"]}}],"collection":[{"href":"https:\/\/razemwkryzysie.pl\/index.php?rest_route=\/wp\/v2\/pages"}],"about":[{"href":"https:\/\/razemwkryzysie.pl\/index.php?rest_route=\/wp\/v2\/types\/page"}],"author":[{"embeddable":true,"href":"https:\/\/razemwkryzysie.pl\/index.php?rest_route=\/wp\/v2\/users\/1"}],"replies":[{"embeddable":true,"href":"https:\/\/razemwkryzysie.pl\/index.php?rest_route=%2Fwp%2Fv2%2Fcomments&post=225"}],"version-history":[{"count":2,"href":"https:\/\/razemwkryzysie.pl\/index.php?rest_route=\/wp\/v2\/pages\/225\/revisions"}],"predecessor-version":[{"id":229,"href":"https:\/\/razemwkryzysie.pl\/index.php?rest_route=\/wp\/v2\/pages\/225\/revisions\/229"}],"wp:attachment":[{"href":"https:\/\/razemwkryzysie.pl\/index.php?rest_route=%2Fwp%2Fv2%2Fmedia&parent=225"}],"curies":[{"name":"wp","href":"https:\/\/api.w.org\/{rel}","templated":true}]}}