{"id":134,"date":"2025-02-17T14:34:30","date_gmt":"2025-02-17T13:34:30","guid":{"rendered":"https:\/\/razemwkryzysie.pl\/?page_id=134"},"modified":"2025-07-04T15:57:30","modified_gmt":"2025-07-04T13:57:30","slug":"o-nas","status":"publish","type":"page","link":"https:\/\/razemwkryzysie.pl\/?page_id=134","title":{"rendered":"O Nas"},"content":{"rendered":"\n<div class=\"wp-block-group alignfull has-contrast-color has-text-color has-link-color wp-elements-c185f5c8323bea873209f2b917898959 is-content-justification-center is-layout-flex wp-container-core-group-is-layout-31654498 wp-block-group-is-layout-flex\" style=\"padding-top:var(--wp--preset--spacing--30);padding-right:var(--wp--preset--spacing--30);padding-bottom:var(--wp--preset--spacing--30);padding-left:var(--wp--preset--spacing--30)\"><nav class=\"has-large-font-size is-responsive items-justified-right wp-block-navigation is-content-justification-right is-layout-flex wp-container-core-navigation-is-layout-f665d2b5 wp-block-navigation-is-layout-flex\" aria-label=\"Nag\u0142\u00f3wek nawigacja\" \n\t\t data-wp-interactive=\"core\/navigation\" data-wp-context='{\"overlayOpenedBy\":{\"click\":false,\"hover\":false,\"focus\":false},\"type\":\"overlay\",\"roleAttribute\":\"\",\"ariaLabel\":\"Menu\"}'><button aria-haspopup=\"dialog\" aria-label=\"Rozwi\u0144 menu\" class=\"wp-block-navigation__responsive-container-open\" \n\t\t\t\tdata-wp-on--click=\"actions.openMenuOnClick\"\n\t\t\t\tdata-wp-on--keydown=\"actions.handleMenuKeydown\"\n\t\t\t><svg width=\"24\" height=\"24\" xmlns=\"http:\/\/www.w3.org\/2000\/svg\" viewBox=\"0 0 24 24\" aria-hidden=\"true\" focusable=\"false\"><path d=\"M4 7.5h16v1.5H4z\"><\/path><path d=\"M4 15h16v1.5H4z\"><\/path><\/svg><\/button>\n\t\t\t\t<div class=\"wp-block-navigation__responsive-container\"  id=\"modal-1\" \n\t\t\t\tdata-wp-class--has-modal-open=\"state.isMenuOpen\"\n\t\t\t\tdata-wp-class--is-menu-open=\"state.isMenuOpen\"\n\t\t\t\tdata-wp-watch=\"callbacks.initMenu\"\n\t\t\t\tdata-wp-on--keydown=\"actions.handleMenuKeydown\"\n\t\t\t\tdata-wp-on--focusout=\"actions.handleMenuFocusout\"\n\t\t\t\ttabindex=\"-1\"\n\t\t\t>\n\t\t\t\t\t<div class=\"wp-block-navigation__responsive-close\" tabindex=\"-1\">\n\t\t\t\t\t\t<div class=\"wp-block-navigation__responsive-dialog\" \n\t\t\t\tdata-wp-bind--aria-modal=\"state.ariaModal\"\n\t\t\t\tdata-wp-bind--aria-label=\"state.ariaLabel\"\n\t\t\t\tdata-wp-bind--role=\"state.roleAttribute\"\n\t\t\t>\n\t\t\t\t\t\t\t<button aria-label=\"Zamknij menu\" class=\"wp-block-navigation__responsive-container-close\" \n\t\t\t\tdata-wp-on--click=\"actions.closeMenuOnClick\"\n\t\t\t><svg xmlns=\"http:\/\/www.w3.org\/2000\/svg\" viewBox=\"0 0 24 24\" width=\"24\" height=\"24\" aria-hidden=\"true\" focusable=\"false\"><path d=\"m13.06 12 6.47-6.47-1.06-1.06L12 10.94 5.53 4.47 4.47 5.53 10.94 12l-6.47 6.47 1.06 1.06L12 13.06l6.47 6.47 1.06-1.06L13.06 12Z\"><\/path><\/svg><\/button>\n\t\t\t\t\t\t\t<div class=\"wp-block-navigation__responsive-container-content\" \n\t\t\t\tdata-wp-watch=\"callbacks.focusFirstElement\"\n\t\t\t id=\"modal-1-content\">\n\t\t\t\t\t\t\t\t<ul class=\"wp-block-navigation__container has-large-font-size is-responsive items-justified-right wp-block-navigation has-large-font-size\"><li class=\"has-large-font-size wp-block-navigation-item wp-block-navigation-link\"><a class=\"wp-block-navigation-item__content\"  href=\"https:\/\/razemwkryzysie.pl\/?page_id=134\"><span class=\"wp-block-navigation-item__label\"> <img loading=\"lazy\" decoding=\"async\" width=\"250\" height=\"250\" class=\"wp-image-34\" style=\"width: 15px\" src=\"https:\/\/razemwkryzysie.pl\/wp-content\/uploads\/2025\/01\/n.png\" alt=\"\" srcset=\"https:\/\/razemwkryzysie.pl\/wp-content\/uploads\/2025\/01\/n.png 250w, https:\/\/razemwkryzysie.pl\/wp-content\/uploads\/2025\/01\/n-150x150.png 150w\" sizes=\"auto, (max-width: 250px) 100vw, 250px\" \/> O nas<\/span><\/a><\/li><li class=\"has-large-font-size wp-block-navigation-item wp-block-navigation-link\"><a class=\"wp-block-navigation-item__content\"  href=\"https:\/\/razemwkryzysie.pl\/?page_id=173\"><span class=\"wp-block-navigation-item__label\"><img loading=\"lazy\" decoding=\"async\" width=\"250\" height=\"250\" class=\"wp-image-34\" style=\"width: 15px\" src=\"https:\/\/razemwkryzysie.pl\/wp-content\/uploads\/2025\/01\/n.png\" alt=\"\" srcset=\"https:\/\/razemwkryzysie.pl\/wp-content\/uploads\/2025\/01\/n.png 250w, https:\/\/razemwkryzysie.pl\/wp-content\/uploads\/2025\/01\/n-150x150.png 150w\" sizes=\"auto, (max-width: 250px) 100vw, 250px\" \/> Jak mo\u017cemy Ci pom\u00f3c?<\/span><\/a><\/li><li class=\"has-large-font-size wp-block-navigation-item wp-block-navigation-link\"><a class=\"wp-block-navigation-item__content\"  href=\"#\"><span class=\"wp-block-navigation-item__label\"><img loading=\"lazy\" decoding=\"async\" width=\"250\" height=\"250\" class=\"wp-image-34\" style=\"width: 15px\" src=\"https:\/\/razemwkryzysie.pl\/wp-content\/uploads\/2025\/01\/n.png\" alt=\"\" srcset=\"https:\/\/razemwkryzysie.pl\/wp-content\/uploads\/2025\/01\/n.png 250w, https:\/\/razemwkryzysie.pl\/wp-content\/uploads\/2025\/01\/n-150x150.png 150w\" sizes=\"auto, (max-width: 250px) 100vw, 250px\" \/> Jak mo\u017cesz nam pom\u00f3c?<\/span><\/a><\/li><li class=\"has-large-font-size wp-block-navigation-item wp-block-navigation-link\"><a class=\"wp-block-navigation-item__content\"  href=\"https:\/\/razemwkryzysie.pl\/?page_id=225\"><span class=\"wp-block-navigation-item__label\"> <img loading=\"lazy\" decoding=\"async\" width=\"250\" height=\"250\" class=\"wp-image-34\" style=\"width: 15px\" src=\"https:\/\/razemwkryzysie.pl\/wp-content\/uploads\/2025\/01\/n.png\" alt=\"\" srcset=\"https:\/\/razemwkryzysie.pl\/wp-content\/uploads\/2025\/01\/n.png 250w, https:\/\/razemwkryzysie.pl\/wp-content\/uploads\/2025\/01\/n-150x150.png 150w\" sizes=\"auto, (max-width: 250px) 100vw, 250px\" \/>Aktualno\u015bci<\/span><\/a><\/li><li class=\"has-large-font-size wp-block-navigation-item wp-block-navigation-link\"><a class=\"wp-block-navigation-item__content\"  href=\"https:\/\/razemwkryzysie.pl\/?page_id=213\"><span class=\"wp-block-navigation-item__label\"> <img loading=\"lazy\" decoding=\"async\" width=\"250\" height=\"250\" class=\"wp-image-34\" style=\"width: 15px\" src=\"https:\/\/razemwkryzysie.pl\/wp-content\/uploads\/2025\/01\/n.png\" alt=\"\" srcset=\"https:\/\/razemwkryzysie.pl\/wp-content\/uploads\/2025\/01\/n.png 250w, https:\/\/razemwkryzysie.pl\/wp-content\/uploads\/2025\/01\/n-150x150.png 150w\" sizes=\"auto, (max-width: 250px) 100vw, 250px\" \/> Kontakt<\/span><\/a><\/li><\/ul>\n\t\t\t\t\t\t\t<\/div>\n\t\t\t\t\t\t<\/div>\n\t\t\t\t\t<\/div>\n\t\t\t\t<\/div><\/nav><\/div>\n\n\n\n<figure class=\"wp-block-image size-large\"><img loading=\"lazy\" decoding=\"async\" width=\"1024\" height=\"576\" src=\"https:\/\/razemwkryzysie.pl\/wp-content\/uploads\/2025\/02\/FUNDACJA-RAZEM-W-KRYZYSIE-1-1024x576.png\" alt=\"\" class=\"wp-image-228\" srcset=\"https:\/\/razemwkryzysie.pl\/wp-content\/uploads\/2025\/02\/FUNDACJA-RAZEM-W-KRYZYSIE-1-1024x576.png 1024w, https:\/\/razemwkryzysie.pl\/wp-content\/uploads\/2025\/02\/FUNDACJA-RAZEM-W-KRYZYSIE-1-300x169.png 300w, https:\/\/razemwkryzysie.pl\/wp-content\/uploads\/2025\/02\/FUNDACJA-RAZEM-W-KRYZYSIE-1-768x432.png 768w, https:\/\/razemwkryzysie.pl\/wp-content\/uploads\/2025\/02\/FUNDACJA-RAZEM-W-KRYZYSIE-1-1536x864.png 1536w, https:\/\/razemwkryzysie.pl\/wp-content\/uploads\/2025\/02\/FUNDACJA-RAZEM-W-KRYZYSIE-1-2048x1152.png 2048w\" sizes=\"auto, (max-width: 1024px) 100vw, 1024px\" \/><\/figure>\n\n\n\n<h2 class=\"wp-block-heading\"><strong>Justyna<\/strong><\/h2>\n\n\n\n<p style=\"text-align: justify;\">\nOd zawsze bliska by\u0142a mi idea wspierania ludzi w rozwoju i odnajdywaniu w\u0142asnej drogi. Przez wiele lat pracy zawodowej mia\u0142am okazj\u0119 pomaga\u0107 wielu r\u00f3\u017cnym osobom w budowaniu ich niezale\u017cno\u015bci finansowej, ale szybko zrozumia\u0142am, \u017ce za ka\u017cd\u0105 decyzj\u0105, za ka\u017cdym planem stoj\u0105 emocje, l\u0119ki i potrzeba zaufania.\n<\/p>\n\n<p style=\"text-align: justify;\">\nZa\u0142o\u017cenie Fundacji to dla mnie naturalna kontynuacja drogi zawodowej \u2013 przestrze\u0144, w kt\u00f3rej mo\u017cemy nie tylko doradza\u0107, ale te\u017c wzmacnia\u0107 i towarzyszy\u0107 ludziom w prze\u0142amywaniu ich barier.\n\nWierz\u0119, \u017ce ka\u017cdy zas\u0142uguje na szans\u0119, aby lepiej zrozumie\u0107 siebie, swoje potrzeby i mo\u017cliwo\u015bci, niezale\u017cnie od punktu, w kt\u00f3rym si\u0119 znajduje. Chc\u0119, aby nasza Fundacja by\u0142a miejscem, gdzie cz\u0142owiek nie czuje si\u0119 oceniany, ale dostaje narz\u0119dzia i wsparcie, by zmienia\u0107 swoje \u017cycie we w\u0142asnym tempie i na w\u0142asnych zasadach.\n<\/p>\n\n\n\n<h2 class=\"wp-block-heading\"><strong>Magdalena<\/strong><\/h2>\n\n\n\n<p style=\"text-align: justify;\">\nW moim przypadku, pomys\u0142 za\u0142o\u017cenia fundacji zrodzi\u0142 si\u0119 z poczucia misyjno\u015bci oraz potrzeby dzia\u0142ania na rzecz os\u00f3b znajduj\u0105cych si\u0119 w trudnych sytuacjach \u017cyciowych \nW trakcie mojej pracy zawodowej zauwa\u017cy\u0142am, jak wielk\u0105 rol\u0119 odgrywa po\u0142\u0105czenie kompetencji prawniczych z empati\u0105 i wra\u017cliwo\u015bci\u0105 spo\u0142eczn\u0105. Zauwa\u017cy\u0142am, jak wiele os\u00f3b zmaga si\u0119 z trudno\u015bciami wynikaj\u0105cymi z braku \u015bwiadomo\u015bci prawnej oraz problem\u00f3w ekonomicznych, kt\u00f3re cz\u0119sto prowadz\u0105 do sytuacji, w kt\u00f3rych nie dochodz\u0105 one swoich praw. Wielu ludzi nie jest w stanie poradzi\u0107 sobie z tymi wyzwaniami ze wzgl\u0119du na brak wystarczaj\u0105cych \u015brodk\u00f3w finansowych. Zawsze mia\u0142am silne pragnienie niesienia pomocy innym, a fundacja daje mi unikaln\u0105 mo\u017cliwo\u015b\u0107 dotarcia do os\u00f3b potrzebuj\u0105cych bezp\u0142atnego wsparcia prawnego. W Fundacji skupiam si\u0119 na kompleksowej pomocy prawnej w sprawach rodzinnych, w kt\u00f3rych wiele os\u00f3b czuje si\u0119 bezradnych. Dzia\u0142aj\u0105c na rzecz tych os\u00f3b, chcemy prze\u0142ama\u0107 ich bierno\u015b\u0107, zapewniaj\u0105c im dost\u0119p do niezb\u0119dnej pomocy, na kt\u00f3r\u0105 nie zawsze mog\u0105 sobie pozwoli\u0107.\n\n<\/p>\n\n<p style=\"text-align: justify;\">\nW mojej opinii brakowa\u0142o miejsca, kt\u00f3re \u0142\u0105czy\u0142oby kompetencje prawnicze z wra\u017cliwo\u015bci\u0105 spo\u0142eczn\u0105 oraz umiej\u0119tno\u015bci\u0105 s\u0142uchania os\u00f3b w trudnych sytuacjach \u017cyciowych. Dzia\u0142aj\u0105c na rzecz tych os\u00f3b, chcemy prze\u0142amywa\u0107 ich barier\u0119 w postaci l\u0119ku czy braku dost\u0119pu do nieodp\u0142atnej pomocy, na kt\u00f3r\u0105 nie zawsze mog\u0105 sobie pozwoli\u0107.\n<\/p>\n\n\n\n<h2 class=\"wp-block-heading\"><strong>Marta<\/strong><\/h2>\n\n\n\n<p style=\"text-align: justify;\">\nMoj\u0105 motywacj\u0105 dla za\u0142o\u017cenia Fundacji by\u0142a potrzeba udzielenia pomocy ludziom do\u015bwiadczaj\u0105cym kryzysu w rodzinie oraz w newralgicznym momencie \u017cycia &#8211; po kryzysie psychicznym. Chcia\u0142am przeciwdzia\u0142a\u0107 ludzkiej bezsilno\u015bci i osamotnieniu. Jednym z cel\u00f3w za\u0142o\u017cenia Fundacji jest dzia\u0142anie maj\u0105ce na celu m.in. integracj\u0119 i reintegracj\u0119 zawodow\u0105. Kompleksowa pomoc polegaj\u0105ca na pomocy psychologicznej, prawnej, doradztwie zawodowym\/coachingu udzielana jest bezp\u0142atnie dla najbardziej potrzebuj\u0105cych. Wierz\u0119, \u017ce ma\u0142ymi kroczkami mo\u017cna zmienia\u0107 otoczenie, sprawiaj\u0105c, \u017ce ludzie b\u0119d\u0105 mogli liczy\u0107 na wsparcie w kryzysowych momentach \u017cycia. B\u0119d\u0105 pomoc przyjmowa\u0107 i j\u0105 dawa\u0107.  \n<\/p>\n\n\n\n<div style=\"height:83px\" aria-hidden=\"true\" class=\"wp-block-spacer\"><\/div>\n\n\n\n<figure class=\"wp-block-image size-large\"><img loading=\"lazy\" decoding=\"async\" width=\"1024\" height=\"223\" src=\"https:\/\/razemwkryzysie.pl\/wp-content\/uploads\/2025\/02\/n-Prezentacja-1024x223.png\" alt=\"\" class=\"wp-image-159\" srcset=\"https:\/\/razemwkryzysie.pl\/wp-content\/uploads\/2025\/02\/n-Prezentacja-1024x223.png 1024w, https:\/\/razemwkryzysie.pl\/wp-content\/uploads\/2025\/02\/n-Prezentacja-300x65.png 300w, https:\/\/razemwkryzysie.pl\/wp-content\/uploads\/2025\/02\/n-Prezentacja-768x167.png 768w, https:\/\/razemwkryzysie.pl\/wp-content\/uploads\/2025\/02\/n-Prezentacja-1536x335.png 1536w, https:\/\/razemwkryzysie.pl\/wp-content\/uploads\/2025\/02\/n-Prezentacja.png 1844w\" sizes=\"auto, (max-width: 1024px) 100vw, 1024px\" \/><\/figure>\n\n\n<div class=\"wpforms-container wpforms-container-full wpforms-render-modern\" id=\"wpforms-183\"><form id=\"wpforms-form-183\" class=\"wpforms-validate wpforms-form wpforms-ajax-form\" data-formid=\"183\" method=\"post\" enctype=\"multipart\/form-data\" action=\"\/index.php?rest_route=%2Fwp%2Fv2%2Fpages%2F134\" data-token=\"62e5b5129a0dc6aba4032395201e6117\" data-token-time=\"1777021926\"><noscript class=\"wpforms-error-noscript\">Aby wype\u0142ni\u0107 ten formularz, w\u0142\u0105cz obs\u0142ug\u0119 JavaScript w przegl\u0105darce.<\/noscript><div class=\"wpforms-hidden\" id=\"wpforms-error-noscript\">Aby wype\u0142ni\u0107 ten formularz, w\u0142\u0105cz obs\u0142ug\u0119 JavaScript w przegl\u0105darce.<\/div><div class=\"wpforms-field-container\"><div id=\"wpforms-183-field_1-container\" class=\"wpforms-field wpforms-field-text\" data-field-id=\"1\"><label class=\"wpforms-field-label\" for=\"wpforms-183-field_1\">Imi\u0119<\/label><input type=\"text\" id=\"wpforms-183-field_1\" class=\"wpforms-field-medium\" name=\"wpforms[fields][1]\" aria-errormessage=\"wpforms-183-field_1-error\" ><\/div><div id=\"wpforms-183-field_2-container\" class=\"wpforms-field wpforms-field-email\" data-field-id=\"2\"><label class=\"wpforms-field-label\" for=\"wpforms-183-field_2\">Adres e-mail <span class=\"wpforms-required-label\" aria-hidden=\"true\">*<\/span><\/label><input type=\"email\" id=\"wpforms-183-field_2\" class=\"wpforms-field-medium wpforms-field-required\" name=\"wpforms[fields][2]\" spellcheck=\"false\" aria-errormessage=\"wpforms-183-field_2-error\" required><\/div><div id=\"wpforms-183-field_3-container\" class=\"wpforms-field wpforms-field-textarea\" data-field-id=\"3\"><label class=\"wpforms-field-label\" for=\"wpforms-183-field_3\">W czym mo\u017cemy Ci pom\u00f3c?<\/label><textarea id=\"wpforms-183-field_3\" class=\"wpforms-field-medium\" name=\"wpforms[fields][3]\" aria-errormessage=\"wpforms-183-field_3-error\" ><\/textarea><\/div><\/div><!-- .wpforms-field-container --><div class=\"wpforms-submit-container\" ><input type=\"hidden\" name=\"wpforms[id]\" value=\"183\"><input type=\"hidden\" name=\"page_title\" value=\"\"><input type=\"hidden\" name=\"page_url\" value=\"https:\/\/razemwkryzysie.pl\/index.php?rest_route=\/wp\/v2\/pages\/134\"><input type=\"hidden\" name=\"url_referer\" value=\"\"><button type=\"submit\" name=\"wpforms[submit]\" id=\"wpforms-submit-183\" class=\"wpforms-submit\" data-alt-text=\"Wysy\u0142anie...\" data-submit-text=\"Prze\u015blij\" aria-live=\"assertive\" value=\"wpforms-submit\">Prze\u015blij<\/button><img loading=\"lazy\" decoding=\"async\" src=\"https:\/\/razemwkryzysie.pl\/wp-content\/plugins\/wpforms-lite\/assets\/images\/submit-spin.svg\" class=\"wpforms-submit-spinner\" style=\"display: none;\" width=\"26\" height=\"26\" alt=\"Wczytywanie\"><\/div><\/form><\/div>  <!-- .wpforms-container -->\n\n\n\n<div class=\"wp-block-file\"><a id=\"wp-block-file--media-f6bfa778-e5f0-4122-a645-933d5b895e22\" href=\"https:\/\/razemwkryzysie.pl\/wp-content\/uploads\/2025\/02\/Polityka-prywatnosci-1.docx\">Polityka prywatno\u015bci<\/a><a href=\"https:\/\/razemwkryzysie.pl\/wp-content\/uploads\/2025\/02\/Polityka-prywatnosci-1.docx\" class=\"wp-block-file__button wp-element-button\" download aria-describedby=\"wp-block-file--media-f6bfa778-e5f0-4122-a645-933d5b895e22\">Pobierz<\/a><\/div>\n\n\n\n<p><\/p>\n","protected":false},"excerpt":{"rendered":"<p>Justyna Od zawsze bliska by\u0142a mi idea wspierania ludzi w rozwoju i odnajdywaniu w\u0142asnej drogi. Przez wiele lat pracy zawodowej mia\u0142am okazj\u0119 pomaga\u0107 wielu r\u00f3\u017cnym osobom w budowaniu ich niezale\u017cno\u015bci finansowej, ale szybko zrozumia\u0142am, \u017ce za ka\u017cd\u0105 decyzj\u0105, za ka\u017cdym planem stoj\u0105 emocje, l\u0119ki i potrzeba zaufania. Za\u0142o\u017cenie Fundacji to dla mnie naturalna kontynuacja drogi [&hellip;]<\/p>\n","protected":false},"author":1,"featured_media":135,"parent":0,"menu_order":0,"comment_status":"closed","ping_status":"closed","template":"","meta":{"footnotes":""},"class_list":["post-134","page","type-page","status-publish","has-post-thumbnail","hentry"],"yoast_head":"<!-- This site is optimized with the Yoast SEO plugin v24.9 - https:\/\/yoast.com\/wordpress\/plugins\/seo\/ -->\n<title>O Nas - Fundacja razem w kryzysie<\/title>\n<meta name=\"robots\" content=\"index, follow, max-snippet:-1, max-image-preview:large, max-video-preview:-1\" \/>\n<link rel=\"canonical\" href=\"https:\/\/razemwkryzysie.pl\/?page_id=134\" \/>\n<meta property=\"og:locale\" content=\"pl_PL\" \/>\n<meta property=\"og:type\" content=\"article\" \/>\n<meta property=\"og:title\" content=\"O Nas - Fundacja razem w kryzysie\" \/>\n<meta property=\"og:description\" content=\"Justyna Od zawsze bliska by\u0142a mi idea wspierania ludzi w rozwoju i odnajdywaniu w\u0142asnej drogi. Przez wiele lat pracy zawodowej mia\u0142am okazj\u0119 pomaga\u0107 wielu r\u00f3\u017cnym osobom w budowaniu ich niezale\u017cno\u015bci finansowej, ale szybko zrozumia\u0142am, \u017ce za ka\u017cd\u0105 decyzj\u0105, za ka\u017cdym planem stoj\u0105 emocje, l\u0119ki i potrzeba zaufania. Za\u0142o\u017cenie Fundacji to dla mnie naturalna kontynuacja drogi [&hellip;]\" \/>\n<meta property=\"og:url\" content=\"https:\/\/razemwkryzysie.pl\/?page_id=134\" \/>\n<meta property=\"og:site_name\" content=\"Fundacja razem w kryzysie\" \/>\n<meta property=\"article:publisher\" content=\"https:\/\/www.facebook.com\/profile.php?id=61575054061886\" \/>\n<meta property=\"article:modified_time\" content=\"2025-07-04T13:57:30+00:00\" \/>\n<meta property=\"og:image\" content=\"https:\/\/razemwkryzysie.pl\/wp-content\/uploads\/2025\/01\/nasza-misja.png\" \/>\n\t<meta property=\"og:image:width\" content=\"2000\" \/>\n\t<meta property=\"og:image:height\" content=\"2000\" \/>\n\t<meta property=\"og:image:type\" content=\"image\/png\" \/>\n<meta name=\"twitter:card\" content=\"summary_large_image\" \/>\n<meta name=\"twitter:label1\" content=\"Szacowany czas czytania\" \/>\n\t<meta name=\"twitter:data1\" content=\"4 minuty\" \/>\n<script type=\"application\/ld+json\" class=\"yoast-schema-graph\">{\"@context\":\"https:\/\/schema.org\",\"@graph\":[{\"@type\":\"WebPage\",\"@id\":\"https:\/\/razemwkryzysie.pl\/?page_id=134\",\"url\":\"https:\/\/razemwkryzysie.pl\/?page_id=134\",\"name\":\"O Nas - Fundacja razem w kryzysie\",\"isPartOf\":{\"@id\":\"https:\/\/razemwkryzysie.pl\/#website\"},\"primaryImageOfPage\":{\"@id\":\"https:\/\/razemwkryzysie.pl\/?page_id=134#primaryimage\"},\"image\":{\"@id\":\"https:\/\/razemwkryzysie.pl\/?page_id=134#primaryimage\"},\"thumbnailUrl\":\"https:\/\/razemwkryzysie.pl\/wp-content\/uploads\/2025\/01\/nasza-misja.png\",\"datePublished\":\"2025-02-17T13:34:30+00:00\",\"dateModified\":\"2025-07-04T13:57:30+00:00\",\"breadcrumb\":{\"@id\":\"https:\/\/razemwkryzysie.pl\/?page_id=134#breadcrumb\"},\"inLanguage\":\"pl-PL\",\"potentialAction\":[{\"@type\":\"ReadAction\",\"target\":[\"https:\/\/razemwkryzysie.pl\/?page_id=134\"]}]},{\"@type\":\"ImageObject\",\"inLanguage\":\"pl-PL\",\"@id\":\"https:\/\/razemwkryzysie.pl\/?page_id=134#primaryimage\",\"url\":\"https:\/\/razemwkryzysie.pl\/wp-content\/uploads\/2025\/01\/nasza-misja.png\",\"contentUrl\":\"https:\/\/razemwkryzysie.pl\/wp-content\/uploads\/2025\/01\/nasza-misja.png\",\"width\":2000,\"height\":2000,\"caption\":\"Oferujemy wsparcie psychologiczne, prawne i zawodowe. Pomagamy w kryzysie \u017cyciowym \u2013 odzyskaj r\u00f3wnowag\u0119. Skontaktuj si\u0119 z nami ju\u017c dzi\u015b!\"},{\"@type\":\"BreadcrumbList\",\"@id\":\"https:\/\/razemwkryzysie.pl\/?page_id=134#breadcrumb\",\"itemListElement\":[{\"@type\":\"ListItem\",\"position\":1,\"name\":\"Strona g\u0142\u00f3wna\",\"item\":\"https:\/\/razemwkryzysie.pl\/\"},{\"@type\":\"ListItem\",\"position\":2,\"name\":\"O Nas\"}]},{\"@type\":\"WebSite\",\"@id\":\"https:\/\/razemwkryzysie.pl\/#website\",\"url\":\"https:\/\/razemwkryzysie.pl\/\",\"name\":\"Fundacja razem w kryzysie\",\"description\":\"Fundacja zajmuj\u0105ca si\u0119 wsparciem os\u00f3b w kryzysie psychicznym\",\"publisher\":{\"@id\":\"https:\/\/razemwkryzysie.pl\/#organization\"},\"potentialAction\":[{\"@type\":\"SearchAction\",\"target\":{\"@type\":\"EntryPoint\",\"urlTemplate\":\"https:\/\/razemwkryzysie.pl\/?s={search_term_string}\"},\"query-input\":{\"@type\":\"PropertyValueSpecification\",\"valueRequired\":true,\"valueName\":\"search_term_string\"}}],\"inLanguage\":\"pl-PL\"},{\"@type\":\"Organization\",\"@id\":\"https:\/\/razemwkryzysie.pl\/#organization\",\"name\":\"Fundacja razem w kryzysie\",\"url\":\"https:\/\/razemwkryzysie.pl\/\",\"logo\":{\"@type\":\"ImageObject\",\"inLanguage\":\"pl-PL\",\"@id\":\"https:\/\/razemwkryzysie.pl\/#\/schema\/logo\/image\/\",\"url\":\"https:\/\/razemwkryzysie.pl\/wp-content\/uploads\/2024\/12\/Minimalistyczna-Fotografia-Portfolio-Kwadrat-Fotoksiazka-1.png\",\"contentUrl\":\"https:\/\/razemwkryzysie.pl\/wp-content\/uploads\/2024\/12\/Minimalistyczna-Fotografia-Portfolio-Kwadrat-Fotoksiazka-1.png\",\"width\":2000,\"height\":737,\"caption\":\"Fundacja razem w kryzysie\"},\"image\":{\"@id\":\"https:\/\/razemwkryzysie.pl\/#\/schema\/logo\/image\/\"},\"sameAs\":[\"https:\/\/www.facebook.com\/profile.php?id=61575054061886\"]}]}<\/script>\n<!-- \/ Yoast SEO plugin. -->","yoast_head_json":{"title":"O Nas - Fundacja razem w kryzysie","robots":{"index":"index","follow":"follow","max-snippet":"max-snippet:-1","max-image-preview":"max-image-preview:large","max-video-preview":"max-video-preview:-1"},"canonical":"https:\/\/razemwkryzysie.pl\/?page_id=134","og_locale":"pl_PL","og_type":"article","og_title":"O Nas - Fundacja razem w kryzysie","og_description":"Justyna Od zawsze bliska by\u0142a mi idea wspierania ludzi w rozwoju i odnajdywaniu w\u0142asnej drogi. Przez wiele lat pracy zawodowej mia\u0142am okazj\u0119 pomaga\u0107 wielu r\u00f3\u017cnym osobom w budowaniu ich niezale\u017cno\u015bci finansowej, ale szybko zrozumia\u0142am, \u017ce za ka\u017cd\u0105 decyzj\u0105, za ka\u017cdym planem stoj\u0105 emocje, l\u0119ki i potrzeba zaufania. Za\u0142o\u017cenie Fundacji to dla mnie naturalna kontynuacja drogi [&hellip;]","og_url":"https:\/\/razemwkryzysie.pl\/?page_id=134","og_site_name":"Fundacja razem w kryzysie","article_publisher":"https:\/\/www.facebook.com\/profile.php?id=61575054061886","article_modified_time":"2025-07-04T13:57:30+00:00","og_image":[{"width":2000,"height":2000,"url":"https:\/\/razemwkryzysie.pl\/wp-content\/uploads\/2025\/01\/nasza-misja.png","type":"image\/png"}],"twitter_card":"summary_large_image","twitter_misc":{"Szacowany czas czytania":"4 minuty"},"schema":{"@context":"https:\/\/schema.org","@graph":[{"@type":"WebPage","@id":"https:\/\/razemwkryzysie.pl\/?page_id=134","url":"https:\/\/razemwkryzysie.pl\/?page_id=134","name":"O Nas - Fundacja razem w kryzysie","isPartOf":{"@id":"https:\/\/razemwkryzysie.pl\/#website"},"primaryImageOfPage":{"@id":"https:\/\/razemwkryzysie.pl\/?page_id=134#primaryimage"},"image":{"@id":"https:\/\/razemwkryzysie.pl\/?page_id=134#primaryimage"},"thumbnailUrl":"https:\/\/razemwkryzysie.pl\/wp-content\/uploads\/2025\/01\/nasza-misja.png","datePublished":"2025-02-17T13:34:30+00:00","dateModified":"2025-07-04T13:57:30+00:00","breadcrumb":{"@id":"https:\/\/razemwkryzysie.pl\/?page_id=134#breadcrumb"},"inLanguage":"pl-PL","potentialAction":[{"@type":"ReadAction","target":["https:\/\/razemwkryzysie.pl\/?page_id=134"]}]},{"@type":"ImageObject","inLanguage":"pl-PL","@id":"https:\/\/razemwkryzysie.pl\/?page_id=134#primaryimage","url":"https:\/\/razemwkryzysie.pl\/wp-content\/uploads\/2025\/01\/nasza-misja.png","contentUrl":"https:\/\/razemwkryzysie.pl\/wp-content\/uploads\/2025\/01\/nasza-misja.png","width":2000,"height":2000,"caption":"Oferujemy wsparcie psychologiczne, prawne i zawodowe. Pomagamy w kryzysie \u017cyciowym \u2013 odzyskaj r\u00f3wnowag\u0119. Skontaktuj si\u0119 z nami ju\u017c dzi\u015b!"},{"@type":"BreadcrumbList","@id":"https:\/\/razemwkryzysie.pl\/?page_id=134#breadcrumb","itemListElement":[{"@type":"ListItem","position":1,"name":"Strona g\u0142\u00f3wna","item":"https:\/\/razemwkryzysie.pl\/"},{"@type":"ListItem","position":2,"name":"O Nas"}]},{"@type":"WebSite","@id":"https:\/\/razemwkryzysie.pl\/#website","url":"https:\/\/razemwkryzysie.pl\/","name":"Fundacja razem w kryzysie","description":"Fundacja zajmuj\u0105ca si\u0119 wsparciem os\u00f3b w kryzysie psychicznym","publisher":{"@id":"https:\/\/razemwkryzysie.pl\/#organization"},"potentialAction":[{"@type":"SearchAction","target":{"@type":"EntryPoint","urlTemplate":"https:\/\/razemwkryzysie.pl\/?s={search_term_string}"},"query-input":{"@type":"PropertyValueSpecification","valueRequired":true,"valueName":"search_term_string"}}],"inLanguage":"pl-PL"},{"@type":"Organization","@id":"https:\/\/razemwkryzysie.pl\/#organization","name":"Fundacja razem w kryzysie","url":"https:\/\/razemwkryzysie.pl\/","logo":{"@type":"ImageObject","inLanguage":"pl-PL","@id":"https:\/\/razemwkryzysie.pl\/#\/schema\/logo\/image\/","url":"https:\/\/razemwkryzysie.pl\/wp-content\/uploads\/2024\/12\/Minimalistyczna-Fotografia-Portfolio-Kwadrat-Fotoksiazka-1.png","contentUrl":"https:\/\/razemwkryzysie.pl\/wp-content\/uploads\/2024\/12\/Minimalistyczna-Fotografia-Portfolio-Kwadrat-Fotoksiazka-1.png","width":2000,"height":737,"caption":"Fundacja razem w kryzysie"},"image":{"@id":"https:\/\/razemwkryzysie.pl\/#\/schema\/logo\/image\/"},"sameAs":["https:\/\/www.facebook.com\/profile.php?id=61575054061886"]}]}},"_links":{"self":[{"href":"https:\/\/razemwkryzysie.pl\/index.php?rest_route=\/wp\/v2\/pages\/134","targetHints":{"allow":["GET"]}}],"collection":[{"href":"https:\/\/razemwkryzysie.pl\/index.php?rest_route=\/wp\/v2\/pages"}],"about":[{"href":"https:\/\/razemwkryzysie.pl\/index.php?rest_route=\/wp\/v2\/types\/page"}],"author":[{"embeddable":true,"href":"https:\/\/razemwkryzysie.pl\/index.php?rest_route=\/wp\/v2\/users\/1"}],"replies":[{"embeddable":true,"href":"https:\/\/razemwkryzysie.pl\/index.php?rest_route=%2Fwp%2Fv2%2Fcomments&post=134"}],"version-history":[{"count":32,"href":"https:\/\/razemwkryzysie.pl\/index.php?rest_route=\/wp\/v2\/pages\/134\/revisions"}],"predecessor-version":[{"id":254,"href":"https:\/\/razemwkryzysie.pl\/index.php?rest_route=\/wp\/v2\/pages\/134\/revisions\/254"}],"wp:featuredmedia":[{"embeddable":true,"href":"https:\/\/razemwkryzysie.pl\/index.php?rest_route=\/wp\/v2\/media\/135"}],"wp:attachment":[{"href":"https:\/\/razemwkryzysie.pl\/index.php?rest_route=%2Fwp%2Fv2%2Fmedia&parent=134"}],"curies":[{"name":"wp","href":"https:\/\/api.w.org\/{rel}","templated":true}]}}